{"id":138,"date":"2020-04-02T00:35:25","date_gmt":"2020-04-01T22:35:25","guid":{"rendered":"https:\/\/ardennature.fr\/?page_id=138"},"modified":"2025-06-02T10:18:50","modified_gmt":"2025-06-02T08:18:50","slug":"liens-divers","status":"publish","type":"page","link":"https:\/\/ardennature.fr\/index.php\/liens-divers\/","title":{"rendered":"Liens divers"},"content":{"rendered":"\n<p class=\"has-text-align-center has-background\" style=\"background-color:#85b48a\"><strong><em><span style=\"color:#14984b; font-size: x-large;\" class=\"has-inline-color\">Liens utiles pour<\/span><\/em><\/strong><br><img decoding=\"async\" width=\"150\" height=\"38\" class=\"wp-image-2319\" style=\"width: 150px;\" src=\"https:\/\/ardennature.fr\/wp-content\/uploads\/2020\/11\/ANfr-LogoANseulMod.png\" alt=\"\" srcset=\"https:\/\/ardennature.fr\/wp-content\/uploads\/2020\/11\/ANfr-LogoANseulMod.png 1452w, https:\/\/ardennature.fr\/wp-content\/uploads\/2020\/11\/ANfr-LogoANseulMod-300x77.png 300w, https:\/\/ardennature.fr\/wp-content\/uploads\/2020\/11\/ANfr-LogoANseulMod-1024x262.png 1024w, https:\/\/ardennature.fr\/wp-content\/uploads\/2020\/11\/ANfr-LogoANseulMod-768x196.png 768w\" sizes=\"(max-width: 150px) 100vw, 150px\" \/><\/p>\n\n\n\n<p class=\"has-text-color\" style=\"color:#0066ff\"><a href=\"https:\/\/www.facebook.com\/groups\/1139502396089539\/\" target=\"_blank\" rel=\"noreferrer noopener\"><img decoding=\"async\" width=\"32\" height=\"32\" class=\"wp-image-315\" style=\"width: 32px;\" src=\"https:\/\/ardennature.fr\/wp-content\/uploads\/2020\/04\/FBIcon.png\" alt=\"\"><\/a> <a rel=\"noreferrer noopener\" href=\"https:\/\/www.facebook.com\/groups\/1139502396089539\/\" target=\"_blank\">Site FaceBook Ardennature<\/a> <\/p>\n\n\n\n<p class=\"has-text-color\" style=\"color:#0066ff\"><a href=\"https:\/\/www.parc-naturel-ardennes.fr\" target=\"_blank\" rel=\"noreferrer noopener\"><img decoding=\"async\" width=\"32\" height=\"32\" class=\"wp-image-316\" style=\"width: 32px;\" src=\"https:\/\/ardennature.fr\/wp-content\/uploads\/2020\/04\/PNRA.png\" alt=\"\"><\/a> <a rel=\"noreferrer noopener\" href=\"https:\/\/www.parc-naturel-ardennes.fr\" target=\"_blank\">Parc Naturel R\u00e9gional des Ardennes<\/a> <\/p>\n\n\n\n<p class=\"has-text-color\" style=\"color:#0066ff\"><img loading=\"lazy\" decoding=\"async\" width=\"32\" height=\"32\" class=\"wp-image-1420\" style=\"width: 32px;\" src=\"https:\/\/ardennature.fr\/wp-content\/uploads\/2020\/04\/VPA48-1.png\" alt=\"\"> <a rel=\"noreferrer noopener\" href=\"https:\/\/www.cc-valleesetplateaudardenne.fr\/\" target=\"_blank\">Communaut\u00e9 de Communes, Vall\u00e9es et Plateau d&rsquo;Ardenne<\/a> <\/p>\n\n\n\n<p class=\"has-text-color\" style=\"color:#0066ff\"><a href=\"https:\/\/www.amisparcardennes.org\/\" target=\"_blank\" rel=\"noreferrer noopener\"><img loading=\"lazy\" decoding=\"async\" width=\"32\" height=\"32\" class=\"wp-image-319\" style=\"width: 32px;\" src=\"https:\/\/ardennature.fr\/wp-content\/uploads\/2020\/04\/AmisParc.png\" alt=\"\"><\/a> <a rel=\"noreferrer noopener\" href=\"https:\/\/www.amisparcardennes.org\/\" target=\"_blank\">Les Amis du Parc<\/a> <\/p>\n\n\n\n<p class=\"has-text-color\" style=\"color:#0066ff\"><a href=\"http:\/\/chu-nous.over-blog.com\/\" target=\"_blank\" rel=\"noreferrer noopener\"><img loading=\"lazy\" decoding=\"async\" width=\"32\" height=\"32\" class=\"wp-image-320\" style=\"width: 32px;\" src=\"https:\/\/ardennature.fr\/wp-content\/uploads\/2020\/04\/Chunous.png\" alt=\"\"><\/a> <a rel=\"noreferrer noopener\" href=\"http:\/\/chu-nous.over-blog.com\/\" target=\"_blank\">Chu-Nous (JPB)<\/a> <\/p>\n\n\n\n<p class=\"has-text-color\" style=\"color:#0066ff\"><a href=\"https:\/\/www.ffrandonnee.fr\/\" target=\"_blank\" rel=\"noreferrer noopener\"><img loading=\"lazy\" decoding=\"async\" width=\"32\" height=\"31\" class=\"wp-image-323\" style=\"width: 32px;\" src=\"https:\/\/ardennature.fr\/wp-content\/uploads\/2020\/04\/FFR.png\" alt=\"\"><\/a> <a rel=\"noreferrer noopener\" href=\"https:\/\/www.ffrandonnee.fr\/\" target=\"_blank\">F\u00e9d\u00e9ration Fran\u00e7aise de la Randonn\u00e9e P\u00e9destre<\/a> <\/p>\n\n\n\n<p class=\"has-text-color\" style=\"color:#0066ff\"><a href=\"https:\/\/www.geoportail.gouv.fr\/carte\" target=\"_blank\" rel=\"noreferrer noopener\"><img loading=\"lazy\" decoding=\"async\" width=\"32\" height=\"32\" class=\"wp-image-324\" style=\"width: 32px;\" src=\"https:\/\/ardennature.fr\/wp-content\/uploads\/2020\/04\/Geoportail.png\" alt=\"\"><\/a> <a rel=\"noreferrer noopener\" href=\"https:\/\/www.geoportail.gouv.fr\/carte\" target=\"_blank\">G\u00e9oportail<\/a> <\/p>\n\n\n\n<p class=\"has-text-color\" style=\"color:#0066ff\"><a href=\"https:\/\/maps.google.fr\/\" target=\"_blank\" rel=\"noreferrer noopener\"><img loading=\"lazy\" decoding=\"async\" width=\"32\" height=\"32\" class=\"wp-image-325\" style=\"width: 32px;\" src=\"https:\/\/ardennature.fr\/wp-content\/uploads\/2020\/04\/Maps.png\" alt=\"\"><\/a> <a rel=\"noreferrer noopener\" href=\"https:\/\/maps.google.fr\/\" target=\"_blank\">Google Maps<\/a> <\/p>\n\n\n\n<p class=\"has-text-color\" style=\"color:#0066ff\"><a href=\"https:\/\/earth.google.com\/web\/\" target=\"_blank\" rel=\"noreferrer noopener\"><img loading=\"lazy\" decoding=\"async\" width=\"32\" height=\"32\" class=\"wp-image-322\" style=\"width: 32px;\" src=\"https:\/\/ardennature.fr\/wp-content\/uploads\/2020\/04\/Earth.png\" alt=\"\"><\/a> <a rel=\"noreferrer noopener\" href=\"https:\/\/earth.google.com\/web\/\" target=\"_blank\">Google Earth<\/a> <\/p>\n\n\n\n<p class=\"has-text-color\" style=\"color:#0066ff\"><a href=\"https:\/\/www.bing.com\/maps\" target=\"_blank\" rel=\"noreferrer noopener\"><img loading=\"lazy\" decoding=\"async\" width=\"32\" height=\"32\" class=\"wp-image-321\" style=\"width: 32px;\" src=\"https:\/\/ardennature.fr\/wp-content\/uploads\/2020\/04\/Bing.png\" alt=\"\"><\/a> <a rel=\"noreferrer noopener\" href=\"https:\/\/www.bing.com\/maps\" target=\"_blank\">Bing Maps<\/a> <\/p>\n","protected":false},"excerpt":{"rendered":"<p>Liens utiles pour Site FaceBook Ardennature Parc Naturel R\u00e9gional des Ardennes Communaut\u00e9 de Communes, Vall\u00e9es et Plateau d&rsquo;Ardenne Les Amis du Parc Chu-Nous (JPB) F\u00e9d\u00e9ration Fran\u00e7aise de la Randonn\u00e9e P\u00e9destre &hellip; <\/p>\n<p class=\"link-more\"><a href=\"https:\/\/ardennature.fr\/index.php\/liens-divers\/\" class=\"more-link\">Continuer la lecture<span class=\"screen-reader-text\"> de &laquo;&nbsp;Liens divers&nbsp;&raquo;<\/span><\/a><\/p>\n","protected":false},"author":1,"featured_media":0,"parent":0,"menu_order":0,"comment_status":"closed","ping_status":"closed","template":"","meta":{"ngg_post_thumbnail":0,"footnotes":""},"class_list":["post-138","page","type-page","status-publish","hentry"],"_links":{"self":[{"href":"https:\/\/ardennature.fr\/index.php\/wp-json\/wp\/v2\/pages\/138","targetHints":{"allow":["GET"]}}],"collection":[{"href":"https:\/\/ardennature.fr\/index.php\/wp-json\/wp\/v2\/pages"}],"about":[{"href":"https:\/\/ardennature.fr\/index.php\/wp-json\/wp\/v2\/types\/page"}],"author":[{"embeddable":true,"href":"https:\/\/ardennature.fr\/index.php\/wp-json\/wp\/v2\/users\/1"}],"replies":[{"embeddable":true,"href":"https:\/\/ardennature.fr\/index.php\/wp-json\/wp\/v2\/comments?post=138"}],"version-history":[{"count":26,"href":"https:\/\/ardennature.fr\/index.php\/wp-json\/wp\/v2\/pages\/138\/revisions"}],"predecessor-version":[{"id":2588,"href":"https:\/\/ardennature.fr\/index.php\/wp-json\/wp\/v2\/pages\/138\/revisions\/2588"}],"wp:attachment":[{"href":"https:\/\/ardennature.fr\/index.php\/wp-json\/wp\/v2\/media?parent=138"}],"curies":[{"name":"wp","href":"https:\/\/api.w.org\/{rel}","templated":true}]}}